{"id":589,"date":"2016-04-15T02:46:01","date_gmt":"2016-04-15T02:46:01","guid":{"rendered":"http:\/\/www.freeporthousingny.org\/?page_id=589"},"modified":"2023-04-14T20:43:10","modified_gmt":"2023-04-14T20:43:10","slug":"home-es","status":"publish","type":"page","link":"http:\/\/www.freeporthousingny.org\/home\/home-es\/","title":{"rendered":"Inicio"},"content":{"rendered":"<p>[et_pb_section fb_built=&#8221;1&#8243; fullwidth=&#8221;on&#8221; custom_padding_last_edited=&#8221;on|desktop&#8221; admin_label=&#8221;section&#8221; _builder_version=&#8221;3.0.74&#8243; background_color=&#8221;#686b74&#8243; custom_padding_tablet=&#8221;50px|0|50px|0&#8243; transparent_background=&#8221;off&#8221; padding_mobile=&#8221;off&#8221;][et_pb_fullwidth_header text_orientation=&#8221;center&#8221; header_fullscreen=&#8221;on&#8221; header_scroll_down=&#8221;on&#8221; scroll_down_icon=&#8221;%%8%%&#8221; scroll_down_icon_color=&#8221;#ffffff&#8221; background_overlay_color=&#8221;rgba(135,135,135,0.53)&#8221; logo_image_url=&#8221;http:\/\/www.freeporthousingny.org\/wp-content\/uploads\/2016\/03\/transparent-fha-logo.png&#8221; title_font_color=&#8221;#ffffff&#8221; subhead_font_color=&#8221;#333333&#8243; content_font_color=&#8221;#ffffff&#8221; admin_label=&#8221;Fullwidth Header&#8221; _builder_version=&#8221;3.16&#8243; title_font=&#8221;Source Sans Pro||||&#8221; title_text_color=&#8221;#ffffff&#8221; title_font_size=&#8221;70px&#8221; title_font_size_phone=&#8221;25px&#8221; title_font_size_last_edited=&#8221;on|phone&#8221; content_font=&#8221;|on|&#8221; content_text_color=&#8221;#ffffff&#8221; content_font_size=&#8221;45px&#8221; content_font_size_phone=&#8221;28px&#8221; content_font_size_last_edited=&#8221;on|phone&#8221; subhead_text_color=&#8221;#333333&#8243; background_color=&#8221;rgba(79,31,198,0)&#8221; background_image=&#8221;http:\/\/www.freeporthousingny.org\/wp-content\/uploads\/2016\/03\/fha2.jpg&#8221; parallax=&#8221;on&#8221; parallax_method=&#8221;on&#8221; custom_css_subtitle=&#8221;text-shadow: 2px 2px #000000;&#8221; background_url=&#8221;http:\/\/www.freeporthousingny.org\/wp-content\/uploads\/2016\/03\/fha2.jpg&#8221; button_one_letter_spacing_hover=&#8221;0&#8243; button_two_letter_spacing_hover=&#8221;0&#8243; saved_tabs=&#8221;all&#8221; button_one_text_size__hover_enabled=&#8221;off&#8221; button_two_text_size__hover_enabled=&#8221;off&#8221; button_one_text_color__hover_enabled=&#8221;off&#8221; button_two_text_color__hover_enabled=&#8221;off&#8221; button_one_border_width__hover_enabled=&#8221;off&#8221; button_two_border_width__hover_enabled=&#8221;off&#8221; button_one_border_color__hover_enabled=&#8221;off&#8221; button_two_border_color__hover_enabled=&#8221;off&#8221; button_one_border_radius__hover_enabled=&#8221;off&#8221; button_two_border_radius__hover_enabled=&#8221;off&#8221; button_one_letter_spacing__hover_enabled=&#8221;on&#8221; button_one_letter_spacing__hover=&#8221;0&#8243; button_two_letter_spacing__hover_enabled=&#8221;on&#8221; button_two_letter_spacing__hover=&#8221;0&#8243; button_one_bg_color__hover_enabled=&#8221;off&#8221; button_two_bg_color__hover_enabled=&#8221;off&#8221;]FREEPORT, NY 11520<br \/>\n[\/et_pb_fullwidth_header][\/et_pb_section][et_pb_section fb_built=&#8221;1&#8243; custom_padding_last_edited=&#8221;on|desktop&#8221; admin_label=&#8221;Section&#8221; _builder_version=&#8221;3.0.74&#8243; background_color=&#8221;#3f639b&#8221; custom_padding_tablet=&#8221;50px|0|50px|0&#8243; transparent_background=&#8221;off&#8221; padding_mobile=&#8221;off&#8221;][et_pb_row admin_label=&#8221;Row&#8221; _builder_version=&#8221;3.0.48&#8243; background_size=&#8221;initial&#8221; background_position=&#8221;top_left&#8221; background_repeat=&#8221;repeat&#8221;][et_pb_column type=&#8221;4_4&#8243; _builder_version=&#8221;3.0.47&#8243; parallax=&#8221;off&#8221; parallax_method=&#8221;on&#8221;][et_pb_text admin_label=&#8221;Text&#8221; _builder_version=&#8221;3.0.87&#8243; text_text_color=&#8221;#ffffff&#8221; background_size=&#8221;initial&#8221; background_position=&#8221;top_left&#8221; background_repeat=&#8221;repeat&#8221; use_border_color=&#8221;off&#8221; border_color=&#8221;#ffffff&#8221; border_style=&#8221;solid&#8221; saved_tabs=&#8221;all&#8221;]<\/p>\n<p>Bienvenidos a la nueva autoridad de vivienda de Freeport!\u00a0El Presidente de la Junta de Comisionados y un Freeport permanente residente,\u00a0estoy encantado de\u00a0que la autoridad de vivienda Freeport ahora tiene una manera de dejar que los inquilinos, residentes y el p\u00fablico saber de nuevos desarrollos y oportunidades disponibles.\u00a0La autoridad de vivienda de Freeport y Junta de Comisionados de ayudar a m\u00e1s de 1.500 residentes necesitados, con opciones de alojamiento seguro, c\u00f3modo y asequible.\u00a0Programas como estos son los motivos que me he alojado en Freeport, cri\u00e9 a mi familia en Freeport y devolver a Freeport.<\/p>\n<p>La Junta de Comisionados y yo estamos encantados de seguir adelante y crecer con la autoridad de vivienda de Freeport y mejorar este maravilloso pueblo.\u00a0Con nuevos proyectos y mejoras en el horizonte, este es un momento muy emocionante para los residentes, la autoridad de vivienda de Freeport y el pueblo de Freeport, s\u00ed mismo.\u00a0Por favor, aseg\u00farese de visitar este sitio regularmente, como noticias, anuncios especiales, las fechas de reuni\u00f3n y actualizaciones se publicar\u00e1n en este espacio.<\/p>\n<p>Philip Mataragas<\/p>\n<p>[\/et_pb_text][\/et_pb_column][\/et_pb_row][\/et_pb_section][et_pb_section fb_built=&#8221;1&#8243; admin_label=&#8221;section&#8221; _builder_version=&#8221;3.0.74&#8243; background_color=&#8221;#ffffff&#8221; custom_padding=&#8221;0||0|&#8221; custom_padding_tablet=&#8221;0||0|&#8221; transparent_background=&#8221;off&#8221; padding_mobile=&#8221;on&#8221;][et_pb_row make_fullwidth=&#8221;on&#8221; use_custom_gutter=&#8221;on&#8221; gutter_width=&#8221;1&#8243; custom_padding=&#8221;0|0&#8243; padding_mobile=&#8221;on&#8221; make_equal=&#8221;on&#8221; column_padding_mobile=&#8221;on&#8221; background_color_1=&#8221;#e02b20&#8243; background_color_2=&#8221;rgba(12,113,195,0.75)&#8221; background_color_3=&#8221;rgba(237,173,89,0.77)&#8221; parallax_method_1=&#8221;off&#8221; parallax_method_2=&#8221;off&#8221; parallax_method_3=&#8221;off&#8221; padding_top_1=&#8221;5%&#8221; padding_top_2=&#8221;5%&#8221; padding_top_3=&#8221;5%&#8221; padding_right_1=&#8221;5%&#8221; padding_right_2=&#8221;5%&#8221; padding_right_3=&#8221;5%&#8221; padding_bottom_1=&#8221;5%&#8221; padding_bottom_2=&#8221;5%&#8221; padding_bottom_3=&#8221;5%&#8221; padding_left_1=&#8221;5%&#8221; padding_left_2=&#8221;5%&#8221; padding_left_3=&#8221;5%&#8221; admin_label=&#8221;row&#8221; _builder_version=&#8221;3.0.48&#8243; background_color=&#8221;rgba(0,0,0,0)&#8221; background_size=&#8221;initial&#8221; background_position=&#8221;top_left&#8221; background_repeat=&#8221;repeat&#8221;][et_pb_column type=&#8221;1_2&#8243; _builder_version=&#8221;3.0.47&#8243; padding_bottom=&#8221;5%&#8221; padding_left=&#8221;5%&#8221; padding_right=&#8221;5%&#8221; padding_top=&#8221;5%&#8221; column_padding_mobile=&#8221;on&#8221; background_color=&#8221;#e02b20&#8243; parallax=&#8221;off&#8221; parallax_method=&#8221;off&#8221;][et_pb_blurb title=&#8221;Vivienda P\u00fablica&#8221; admin_label=&#8221;Blurb&#8221; _builder_version=&#8221;3.0.87&#8243; header_font=&#8221;|on|&#8221; header_text_color=&#8221;#ffffff&#8221; header_font_size=&#8221;17px&#8221; header_letter_spacing=&#8221;1px&#8221; header_line_height=&#8221;1.6em&#8221; body_text_color=&#8221;#ffffff&#8221; body_font_size=&#8221;14px&#8221; background_size=&#8221;initial&#8221; background_position=&#8221;top_left&#8221; background_repeat=&#8221;repeat&#8221; text_orientation=&#8221;center&#8221; custom_padding=&#8221;||35px|&#8221; animation=&#8221;off&#8221; use_border_color=&#8221;off&#8221; border_color=&#8221;#ffffff&#8221; border_style=&#8221;solid&#8221;]Vivienda p\u00fablica fue establecido por los Estados Unidos Departamento de vivienda y desarrollo urbano (HUD) para proporcionar vivienda decente y segura para las familias elegibles de bajos ingresos, ancianos y personas con discapacidad.<br \/>\n[\/et_pb_blurb][et_pb_blurb url=&#8221;http:\/\/www.freeporthousingny.org\/en\/public-housing\/&#8221; use_icon=&#8221;on&#8221; font_icon=&#8221;%%204%%&#8221; icon_color=&#8221;rgba(0,0,0,0.3)&#8221; use_icon_font_size=&#8221;on&#8221; icon_font_size=&#8221;32px&#8221; admin_label=&#8221;Blurb&#8221; _builder_version=&#8221;3.0.87&#8243; header_font_size=&#8221;18px&#8221; body_font_size=&#8221;14px&#8221; background_size=&#8221;initial&#8221; background_position=&#8221;top_left&#8221; background_repeat=&#8221;repeat&#8221; text_orientation=&#8221;center&#8221; animation=&#8221;off&#8221; custom_css_blurb_image=&#8221;margin-bottom: 0;&#8221; use_border_color=&#8221;off&#8221; border_color=&#8221;#ffffff&#8221; border_style=&#8221;solid&#8221;] [\/et_pb_blurb][\/et_pb_column][et_pb_column type=&#8221;1_2&#8243; _builder_version=&#8221;3.0.47&#8243; padding_bottom=&#8221;5%&#8221; padding_left=&#8221;5%&#8221; padding_right=&#8221;5%&#8221; padding_top=&#8221;5%&#8221; column_padding_mobile=&#8221;on&#8221; background_color=&#8221;rgba(12,113,195,0.75)&#8221; parallax=&#8221;off&#8221; parallax_method=&#8221;off&#8221;][et_pb_blurb title=&#8221;Programa De Elecci\u00f3n Vales De Vivienda Secci\u00f3n 8&#8243; admin_label=&#8221;Blurb&#8221; _builder_version=&#8221;3.0.87&#8243; header_font=&#8221;|on|||&#8221; header_text_color=&#8221;#ffffff&#8221; header_font_size=&#8221;17px&#8221; header_letter_spacing=&#8221;1px&#8221; header_line_height=&#8221;1.6em&#8221; body_text_color=&#8221;#ffffff&#8221; body_font_size=&#8221;14px&#8221; background_size=&#8221;initial&#8221; background_position=&#8221;top_left&#8221; background_repeat=&#8221;repeat&#8221; text_orientation=&#8221;center&#8221; custom_padding=&#8221;||35px|&#8221; animation=&#8221;off&#8221; use_border_color=&#8221;off&#8221; border_color=&#8221;#ffffff&#8221; border_style=&#8221;solid&#8221;]El programa de vales de elecci\u00f3n vivienda es importante programa del gobierno federal para ayudar a familias de muy bajos ingresos, ancianos y discapacitados para pagar una vivienda decente, segura y sanitaria en el mercado privado.<br \/>\n[\/et_pb_blurb][et_pb_blurb url=&#8221;http:\/\/www.freeporthousingny.org\/en\/section-8&#8243; use_icon=&#8221;on&#8221; font_icon=&#8221;%%204%%&#8221; icon_color=&#8221;rgba(0,0,0,0.3)&#8221; use_icon_font_size=&#8221;on&#8221; icon_font_size=&#8221;32px&#8221; admin_label=&#8221;Blurb&#8221; _builder_version=&#8221;3.0.87&#8243; header_font_size=&#8221;18px&#8221; body_font_size=&#8221;14px&#8221; background_size=&#8221;initial&#8221; background_position=&#8221;top_left&#8221; background_repeat=&#8221;repeat&#8221; text_orientation=&#8221;center&#8221; animation=&#8221;off&#8221; custom_css_blurb_image=&#8221;margin-bottom: 0;&#8221; use_border_color=&#8221;off&#8221; border_color=&#8221;#ffffff&#8221; border_style=&#8221;solid&#8221;] [\/et_pb_blurb][\/et_pb_column][\/et_pb_row][\/et_pb_section][et_pb_section fb_built=&#8221;1&#8243; admin_label=&#8221;section&#8221; _builder_version=&#8221;3.0.74&#8243; background_color=&#8221;#f0f0f0&#8243; custom_padding=&#8221;||0|&#8221; custom_padding_tablet=&#8221;||0|&#8221; transparent_background=&#8221;off&#8221; padding_mobile=&#8221;on&#8221;][et_pb_row make_fullwidth=&#8221;on&#8221; custom_padding=&#8221;|0&#8243; padding_mobile=&#8221;on&#8221; background_color_1=&#8221;rgba(0,0,0,0)&#8221; background_color_2=&#8221;rgba(0,0,0,0)&#8221; admin_label=&#8221;row&#8221; _builder_version=&#8221;3.0.48&#8243; background_color=&#8221;rgba(0,0,0,0)&#8221; background_size=&#8221;initial&#8221; background_position=&#8221;top_left&#8221; background_repeat=&#8221;repeat&#8221;][et_pb_column type=&#8221;1_2&#8243; _builder_version=&#8221;3.0.47&#8243; background_color=&#8221;rgba(0,0,0,0)&#8221; parallax=&#8221;off&#8221; parallax_method=&#8221;on&#8221;][et_pb_text admin_label=&#8221;Text&#8221; _builder_version=&#8221;3.0.87&#8243; background_size=&#8221;initial&#8221; background_position=&#8221;top_left&#8221; background_repeat=&#8221;repeat&#8221; use_border_color=&#8221;off&#8221; border_color=&#8221;#ffffff&#8221; border_style=&#8221;solid&#8221; saved_tabs=&#8221;all&#8221;]<\/p>\n<h2>Nueva Moxey Rigby Apartamento Comunidad<\/h2>\n<p>Con la ayuda de la oficina de la recuperaci\u00f3n de la tormenta del gobernador, FEMA, estado de Nueva York Inicio y renovaci\u00f3n de la comunidad, Condado de Nassau y la aldea de Freeport, una nueva marca Moxey A. Rigby est\u00e1 en camino.<\/p>\n<p><a style=\"font-style: italic;\" href=\"http:\/\/www.freeporthousingny.org\/nuevamoxeyrigby\/\"><strong>M\u00e1s Informaci\u00f3n<\/strong><\/a><br \/>\n[\/et_pb_text][et_pb_image src=&#8221;http:\/\/www.freeporthousingny.org\/wp-content\/uploads\/2016\/03\/nmr-1.jpg&#8221; show_in_lightbox=&#8221;on&#8221; align=&#8221;center&#8221; admin_label=&#8221;Image&#8221; _builder_version=&#8221;3.0.87&#8243; custom_css_main_element=&#8221;width: 30%; margin-right: 5%; float: left;&#8221; use_border_color=&#8221;off&#8221; border_color=&#8221;#ffffff&#8221; border_style=&#8221;solid&#8221; animation=&#8221;off&#8221; sticky=&#8221;off&#8221;] [\/et_pb_image][et_pb_image src=&#8221;http:\/\/www.freeporthousingny.org\/wp-content\/uploads\/2016\/03\/nmr-2.jpg&#8221; show_in_lightbox=&#8221;on&#8221; align=&#8221;center&#8221; admin_label=&#8221;Image&#8221; _builder_version=&#8221;3.0.87&#8243; custom_css_main_element=&#8221;width: 30%; margin-right: 5%; float: left;&#8221; use_border_color=&#8221;off&#8221; border_color=&#8221;#ffffff&#8221; border_style=&#8221;solid&#8221; animation=&#8221;off&#8221; sticky=&#8221;off&#8221;] [\/et_pb_image][et_pb_image src=&#8221;http:\/\/www.freeporthousingny.org\/wp-content\/uploads\/2016\/03\/nmr-3.jpg&#8221; show_in_lightbox=&#8221;on&#8221; align=&#8221;center&#8221; admin_label=&#8221;Image&#8221; _builder_version=&#8221;3.0.87&#8243; custom_css_main_element=&#8221;width: 30%; margin-right: 0; float: left;&#8221; use_border_color=&#8221;off&#8221; border_color=&#8221;#ffffff&#8221; border_style=&#8221;solid&#8221; animation=&#8221;off&#8221; sticky=&#8221;off&#8221;] [\/et_pb_image][\/et_pb_column][et_pb_column type=&#8221;1_2&#8243; _builder_version=&#8221;3.0.47&#8243; background_color=&#8221;rgba(0,0,0,0)&#8221; parallax=&#8221;off&#8221; parallax_method=&#8221;on&#8221;][et_pb_image src=&#8221;http:\/\/www.freeporthousingny.org\/wp-content\/uploads\/2016\/03\/nmr-1.jpg&#8221; align=&#8221;center&#8221; admin_label=&#8221;Image&#8221; _builder_version=&#8221;3.0.87&#8243; use_border_color=&#8221;off&#8221; border_color=&#8221;#ffffff&#8221; border_style=&#8221;solid&#8221; animation=&#8221;off&#8221; sticky=&#8221;off&#8221;] [\/et_pb_image][\/et_pb_column][\/et_pb_row][\/et_pb_section]<\/p>\n","protected":false},"excerpt":{"rendered":"<p>[et_pb_section fb_built=&#8221;1&#8243; fullwidth=&#8221;on&#8221; custom_padding_last_edited=&#8221;on|desktop&#8221; admin_label=&#8221;section&#8221; _builder_version=&#8221;3.0.74&#8243; background_color=&#8221;#686b74&#8243; custom_padding_tablet=&#8221;50px|0|50px|0&#8243; transparent_background=&#8221;off&#8221; padding_mobile=&#8221;off&#8221;][et_pb_fullwidth_header text_orientation=&#8221;center&#8221; header_fullscreen=&#8221;on&#8221; header_scroll_down=&#8221;on&#8221; scroll_down_icon=&#8221;%%8%%&#8221; scroll_down_icon_color=&#8221;#ffffff&#8221; background_overlay_color=&#8221;rgba(135,135,135,0.53)&#8221; logo_image_url=&#8221;http:\/\/www.freeporthousingny.org\/wp-content\/uploads\/2016\/03\/transparent-fha-logo.png&#8221; title_font_color=&#8221;#ffffff&#8221; subhead_font_color=&#8221;#333333&#8243; content_font_color=&#8221;#ffffff&#8221; admin_label=&#8221;Fullwidth Header&#8221; _builder_version=&#8221;3.16&#8243; title_font=&#8221;Source Sans Pro||||&#8221; title_text_color=&#8221;#ffffff&#8221; title_font_size=&#8221;70px&#8221; title_font_size_phone=&#8221;25px&#8221; title_font_size_last_edited=&#8221;on|phone&#8221; content_font=&#8221;|on|&#8221; content_text_color=&#8221;#ffffff&#8221; content_font_size=&#8221;45px&#8221; content_font_size_phone=&#8221;28px&#8221; content_font_size_last_edited=&#8221;on|phone&#8221; subhead_text_color=&#8221;#333333&#8243; background_color=&#8221;rgba(79,31,198,0)&#8221; background_image=&#8221;http:\/\/www.freeporthousingny.org\/wp-content\/uploads\/2016\/03\/fha2.jpg&#8221; parallax=&#8221;on&#8221; parallax_method=&#8221;on&#8221; custom_css_subtitle=&#8221;text-shadow: 2px 2px #000000;&#8221; background_url=&#8221;http:\/\/www.freeporthousingny.org\/wp-content\/uploads\/2016\/03\/fha2.jpg&#8221; button_one_letter_spacing_hover=&#8221;0&#8243; button_two_letter_spacing_hover=&#8221;0&#8243; saved_tabs=&#8221;all&#8221; button_one_text_size__hover_enabled=&#8221;off&#8221; button_two_text_size__hover_enabled=&#8221;off&#8221; button_one_text_color__hover_enabled=&#8221;off&#8221; button_two_text_color__hover_enabled=&#8221;off&#8221; button_one_border_width__hover_enabled=&#8221;off&#8221; button_two_border_width__hover_enabled=&#8221;off&#8221; button_one_border_color__hover_enabled=&#8221;off&#8221; [&hellip;]<\/p>\n","protected":false},"author":1,"featured_media":0,"parent":0,"menu_order":0,"comment_status":"closed","ping_status":"closed","template":"","meta":{"_et_pb_use_builder":"on","_et_pb_old_content":"","_et_gb_content_width":"","footnotes":""},"class_list":["post-589","page","type-page","status-publish","hentry"],"_links":{"self":[{"href":"http:\/\/www.freeporthousingny.org\/home\/wp-json\/wp\/v2\/pages\/589","targetHints":{"allow":["GET"]}}],"collection":[{"href":"http:\/\/www.freeporthousingny.org\/home\/wp-json\/wp\/v2\/pages"}],"about":[{"href":"http:\/\/www.freeporthousingny.org\/home\/wp-json\/wp\/v2\/types\/page"}],"author":[{"embeddable":true,"href":"http:\/\/www.freeporthousingny.org\/home\/wp-json\/wp\/v2\/users\/1"}],"replies":[{"embeddable":true,"href":"http:\/\/www.freeporthousingny.org\/home\/wp-json\/wp\/v2\/comments?post=589"}],"version-history":[{"count":16,"href":"http:\/\/www.freeporthousingny.org\/home\/wp-json\/wp\/v2\/pages\/589\/revisions"}],"predecessor-version":[{"id":1467,"href":"http:\/\/www.freeporthousingny.org\/home\/wp-json\/wp\/v2\/pages\/589\/revisions\/1467"}],"wp:attachment":[{"href":"http:\/\/www.freeporthousingny.org\/home\/wp-json\/wp\/v2\/media?parent=589"}],"curies":[{"name":"wp","href":"https:\/\/api.w.org\/{rel}","templated":true}]}}