{"id":597,"date":"2016-04-17T02:30:04","date_gmt":"2016-04-17T02:30:04","guid":{"rendered":"http:\/\/www.freeporthousingny.org\/?page_id=597"},"modified":"2023-10-02T16:30:14","modified_gmt":"2023-10-02T16:30:14","slug":"sobre","status":"publish","type":"page","link":"http:\/\/www.freeporthousingny.org\/home\/sobre\/","title":{"rendered":"Sobre"},"content":{"rendered":"<p>[et_pb_section fb_built=&#8221;1&#8243; fullwidth=&#8221;on&#8221; admin_label=&#8221;Section&#8221; _builder_version=&#8221;3.0.47&#8243;][et_pb_fullwidth_header title=&#8221;Sobre La Autoridad De Vivienda De Freeport&#8221; text_orientation=&#8221;center&#8221; background_overlay_color=&#8221;rgba(12,113,195,0.46)&#8221; title_font_color=&#8221;#ffffff&#8221; admin_label=&#8221;Fullwidth Header&#8221; _builder_version=&#8221;3.16&#8243; title_font=&#8221;Source Sans Pro|on||on|&#8221; title_text_color=&#8221;#ffffff&#8221; title_font_size=&#8221;44px&#8221; subhead_font_size=&#8221;44px&#8221; background_color=&#8221;rgba(255, 255, 255, 0)&#8221; background_image=&#8221;http:\/\/www.freeporthousingny.org\/wp-content\/uploads\/2016\/04\/about.jpg&#8221; parallax=&#8221;on&#8221; background_layout=&#8221;light&#8221; custom_css_title=&#8221;text-shadow: 2px 2px #000000;&#8221; background_url=&#8221;http:\/\/www.freeporthousingny.org\/wp-content\/uploads\/2016\/04\/about.jpg&#8221; button_one_letter_spacing_hover=&#8221;0&#8243; button_two_letter_spacing_hover=&#8221;0&#8243; saved_tabs=&#8221;all&#8221; button_one_text_size__hover_enabled=&#8221;off&#8221; button_two_text_size__hover_enabled=&#8221;off&#8221; button_one_text_color__hover_enabled=&#8221;off&#8221; button_two_text_color__hover_enabled=&#8221;off&#8221; button_one_border_width__hover_enabled=&#8221;off&#8221; button_two_border_width__hover_enabled=&#8221;off&#8221; button_one_border_color__hover_enabled=&#8221;off&#8221; button_two_border_color__hover_enabled=&#8221;off&#8221; button_one_border_radius__hover_enabled=&#8221;off&#8221; button_two_border_radius__hover_enabled=&#8221;off&#8221; button_one_letter_spacing__hover_enabled=&#8221;on&#8221; button_one_letter_spacing__hover=&#8221;0&#8243; button_two_letter_spacing__hover_enabled=&#8221;on&#8221; button_two_letter_spacing__hover=&#8221;0&#8243; button_one_bg_color__hover_enabled=&#8221;off&#8221; button_two_bg_color__hover_enabled=&#8221;off&#8221;][\/et_pb_fullwidth_header][\/et_pb_section][et_pb_section fb_built=&#8221;1&#8243; specialty=&#8221;on&#8221; admin_label=&#8221;Section&#8221; _builder_version=&#8221;3.0.47&#8243;][et_pb_column type=&#8221;1_2&#8243; _builder_version=&#8221;3.0.47&#8243; parallax__hover=&#8221;off&#8221; parallax_method__hover=&#8221;on&#8221; parallax=&#8221;off&#8221; parallax_method=&#8221;on&#8221;][et_pb_text admin_label=&#8221;Text&#8221; _builder_version=&#8221;3.0.87&#8243; background_size=&#8221;initial&#8221; background_position=&#8221;top_left&#8221; background_repeat=&#8221;repeat&#8221; use_border_color=&#8221;off&#8221; border_color=&#8221;#ffffff&#8221; border_style=&#8221;solid&#8221;]<\/p>\n<p>La misi\u00f3n de la FHA es proporcionar vivienda decente, segura y sanitaria para las personas de bajos ingresos que residen en la aldea incorporada de Freeport, Nueva York.<\/p>\n<p>La autoridad de vivienda de Freeport (&#8220;FHA&#8221;) es una corporaci\u00f3n de beneficio p\u00fablico, establecida en virtud de la ley del estado de Nueva York y administra programas federales de vivienda para familias de bajos ingresos.\u00a0La FHA recibe fondos principalmente de los Estados Unidos Departamento de vivienda y desarrollo urbano (HUD) y tiene derecho a solicitar fondos para adquirir, construir, modernizar, mantener y administrar los desarrollos de vivienda.\u00a0La FHA administra y gestiona programas de vivienda de dos (2) incluyendo desarrollos de vivienda p\u00fablica y secci\u00f3n 8 programa viviendas de la vale.\u00a0Estos programas ayudan a aproximadamente 1,500 residentes en la localidad de Freeport.<\/p>\n<p>La FHA se rige por una Junta de Comisionados, que consiste del siete (7) miembres.\u00a0<\/p>\n<p>[\/et_pb_text][et_pb_text admin_label=&#8221;Text&#8221; _builder_version=&#8221;3.0.87&#8243; background_size=&#8221;initial&#8221; background_position=&#8221;top_left&#8221; background_repeat=&#8221;repeat&#8221; use_border_color=&#8221;off&#8221; border_color=&#8221;#ffffff&#8221; border_style=&#8221;solid&#8221;]<\/p>\n<p><strong>La autoridad de vivienda de Freeport se encuentra en 100 North Main Street, Administracion Edificio, en Freeport, NY 11520. (516) 623-2508.<\/strong><\/p>\n<p>[\/et_pb_text][\/et_pb_column][et_pb_column type=&#8221;1_2&#8243; specialty_columns=&#8221;2&#8243; _builder_version=&#8221;3.0.47&#8243; parallax__hover=&#8221;off&#8221; parallax_method__hover=&#8221;on&#8221; parallax=&#8221;off&#8221; parallax_method=&#8221;on&#8221;][et_pb_row_inner admin_label=&#8221;Row&#8221; _builder_version=&#8221;3.0.47&#8243;][et_pb_column_inner type=&#8221;1_2&#8243; saved_specialty_column_type=&#8221;1_2&#8243; _builder_version=&#8221;3.0.47&#8243; parallax__hover=&#8221;off&#8221; parallax_method__hover=&#8221;on&#8221; parallax=&#8221;off&#8221; parallax_method=&#8221;on&#8221;][et_pb_text admin_label=&#8221;Text&#8221; _builder_version=&#8221;3.19.5&#8243; background_size=&#8221;initial&#8221; background_position=&#8221;top_left&#8221; background_repeat=&#8221;repeat&#8221; use_border_color=&#8221;off&#8221; border_color=&#8221;#ffffff&#8221; border_style=&#8221;solid&#8221;]<\/p>\n<blockquote>\n<p style=\"text-align: left;\"><strong>\u00a0Junta de Comisionados<\/strong>:<br \/>\u00a0Philip Mataragas, Chairman\u00a0 \u00a0Steven Patrick, Vice Chairman\u00a0<br \/>\u00a0Valeria A. Jackson, Secretary<br \/>\u00a0Jacques V. Butler\u00a0 \u00a0 \u00a0 \u00a0 \u00a0 \u00a0 \u00a0 \u00a0 \u00a0 \u00a0 \u00a0 \u00a0 \u00a0 \u00a0Dr. Joseph Cattano\u00a0 \u00a0 \u00a0 \u00a0 \u00a0 \u00a0 \u00a0 \u00a0 \u00a0 \u00a0 \u00a0 \u00a0David E. Jones\u00a0 \u00a0 \u00a0 \u00a0 \u00a0 \u00a0 \u00a0 \u00a0 \u00a0 \u00a0 \u00a0 \u00a0 \u00a0 \u00a0 \u00a0 \u00a0Anita G. Scott<\/p>\n<\/blockquote>\n<p style=\"text-align: left;\">\n<p>&nbsp;<\/p>\n<p>[\/et_pb_text][\/et_pb_column_inner][et_pb_column_inner type=&#8221;1_2&#8243; saved_specialty_column_type=&#8221;1_2&#8243; _builder_version=&#8221;3.0.47&#8243; parallax__hover=&#8221;off&#8221; parallax_method__hover=&#8221;on&#8221; parallax=&#8221;off&#8221; parallax_method=&#8221;on&#8221;][et_pb_text admin_label=&#8221;Text&#8221; _builder_version=&#8221;3.0.87&#8243; background_size=&#8221;initial&#8221; background_position=&#8221;top_left&#8221; background_repeat=&#8221;repeat&#8221; use_border_color=&#8221;off&#8221; border_color=&#8221;#ffffff&#8221; border_style=&#8221;solid&#8221;]<\/p>\n<p><strong>Director Ejecutivo<\/strong><br \/> <a href=\"mailto:jhrvatin@freeporthousingny.org\">John Hrvatin<\/a><\/p>\n<p><strong>Especialista en vivienda p\u00fablica y\u00a0<\/strong><strong style=\"font-size: 14px;\">Secci\u00f3n 8 Coordinador (del programa de cup\u00f3n de elecci\u00f3n de vivienda)<\/strong><a href=\"mailto:section8@freeporthousingny.org\"><\/a><\/p>\n<p><a href=\"mailto:section8@freeporthousingny.org\">Robyn Smith Kaiser<\/a><\/p>\n<p><a href=\"mailto:accounting@freeporthousingny.org\"><\/a><\/p>\n<p>[\/et_pb_text][\/et_pb_column_inner][\/et_pb_row_inner][\/et_pb_column][\/et_pb_section]<\/p>\n","protected":false},"excerpt":{"rendered":"<p>[et_pb_section fb_built=&#8221;1&#8243; fullwidth=&#8221;on&#8221; admin_label=&#8221;Section&#8221; _builder_version=&#8221;3.0.47&#8243;][et_pb_fullwidth_header title=&#8221;Sobre La Autoridad De Vivienda De Freeport&#8221; text_orientation=&#8221;center&#8221; background_overlay_color=&#8221;rgba(12,113,195,0.46)&#8221; title_font_color=&#8221;#ffffff&#8221; admin_label=&#8221;Fullwidth Header&#8221; _builder_version=&#8221;3.16&#8243; title_font=&#8221;Source Sans Pro|on||on|&#8221; title_text_color=&#8221;#ffffff&#8221; title_font_size=&#8221;44px&#8221; subhead_font_size=&#8221;44px&#8221; background_color=&#8221;rgba(255, 255, 255, 0)&#8221; background_image=&#8221;http:\/\/www.freeporthousingny.org\/wp-content\/uploads\/2016\/04\/about.jpg&#8221; parallax=&#8221;on&#8221; background_layout=&#8221;light&#8221; custom_css_title=&#8221;text-shadow: 2px 2px #000000;&#8221; background_url=&#8221;http:\/\/www.freeporthousingny.org\/wp-content\/uploads\/2016\/04\/about.jpg&#8221; button_one_letter_spacing_hover=&#8221;0&#8243; button_two_letter_spacing_hover=&#8221;0&#8243; saved_tabs=&#8221;all&#8221; button_one_text_size__hover_enabled=&#8221;off&#8221; button_two_text_size__hover_enabled=&#8221;off&#8221; button_one_text_color__hover_enabled=&#8221;off&#8221; button_two_text_color__hover_enabled=&#8221;off&#8221; button_one_border_width__hover_enabled=&#8221;off&#8221; button_two_border_width__hover_enabled=&#8221;off&#8221; button_one_border_color__hover_enabled=&#8221;off&#8221; button_two_border_color__hover_enabled=&#8221;off&#8221; button_one_border_radius__hover_enabled=&#8221;off&#8221; button_two_border_radius__hover_enabled=&#8221;off&#8221; button_one_letter_spacing__hover_enabled=&#8221;on&#8221; button_one_letter_spacing__hover=&#8221;0&#8243; button_two_letter_spacing__hover_enabled=&#8221;on&#8221; button_two_letter_spacing__hover=&#8221;0&#8243; button_one_bg_color__hover_enabled=&#8221;off&#8221; button_two_bg_color__hover_enabled=&#8221;off&#8221;][\/et_pb_fullwidth_header][\/et_pb_section][et_pb_section [&hellip;]<\/p>\n","protected":false},"author":1,"featured_media":0,"parent":0,"menu_order":0,"comment_status":"open","ping_status":"open","template":"","meta":{"_et_pb_use_builder":"on","_et_pb_old_content":"","_et_gb_content_width":"","footnotes":""},"class_list":["post-597","page","type-page","status-publish","hentry"],"_links":{"self":[{"href":"http:\/\/www.freeporthousingny.org\/home\/wp-json\/wp\/v2\/pages\/597","targetHints":{"allow":["GET"]}}],"collection":[{"href":"http:\/\/www.freeporthousingny.org\/home\/wp-json\/wp\/v2\/pages"}],"about":[{"href":"http:\/\/www.freeporthousingny.org\/home\/wp-json\/wp\/v2\/types\/page"}],"author":[{"embeddable":true,"href":"http:\/\/www.freeporthousingny.org\/home\/wp-json\/wp\/v2\/users\/1"}],"replies":[{"embeddable":true,"href":"http:\/\/www.freeporthousingny.org\/home\/wp-json\/wp\/v2\/comments?post=597"}],"version-history":[{"count":20,"href":"http:\/\/www.freeporthousingny.org\/home\/wp-json\/wp\/v2\/pages\/597\/revisions"}],"predecessor-version":[{"id":1500,"href":"http:\/\/www.freeporthousingny.org\/home\/wp-json\/wp\/v2\/pages\/597\/revisions\/1500"}],"wp:attachment":[{"href":"http:\/\/www.freeporthousingny.org\/home\/wp-json\/wp\/v2\/media?parent=597"}],"curies":[{"name":"wp","href":"https:\/\/api.w.org\/{rel}","templated":true}]}}