{"id":609,"date":"2016-04-17T03:15:25","date_gmt":"2016-04-17T03:15:25","guid":{"rendered":"http:\/\/www.freeporthousingny.org\/?page_id=609"},"modified":"2024-11-18T20:31:10","modified_gmt":"2024-11-18T20:31:10","slug":"seccion-8","status":"publish","type":"page","link":"http:\/\/www.freeporthousingny.org\/home\/seccion-8\/","title":{"rendered":"Secci\u00f3n 8"},"content":{"rendered":"<p>[et_pb_section fb_built=&#8221;1&#8243; fullwidth=&#8221;on&#8221; admin_label=&#8221;Section&#8221; _builder_version=&#8221;3.0.47&#8243;][et_pb_fullwidth_header title=&#8221;PROGRAMA DE ELECCI\u00d3N VALES DEVIVIENDA SECCI\u00d3N 8&#8243; text_orientation=&#8221;center&#8221; background_overlay_color=&#8221;rgba(12,113,195,0.46)&#8221; title_font_color=&#8221;#ffffff&#8221; admin_label=&#8221;Fullwidth Header&#8221; _builder_version=&#8221;3.16&#8243; title_font=&#8221;Source Sans Pro|on||on|&#8221; title_text_color=&#8221;#ffffff&#8221; title_font_size=&#8221;44px&#8221; subhead_font_size=&#8221;44px&#8221; background_color=&#8221;rgba(255, 255, 255, 0)&#8221; background_image=&#8221;http:\/\/www.freeporthousingny.org\/wp-content\/uploads\/2016\/04\/section-8-1.jpg&#8221; parallax=&#8221;on&#8221; background_layout=&#8221;light&#8221; custom_css_title=&#8221;text-shadow: 2px 2px #000000;&#8221; background_url=&#8221;http:\/\/www.freeporthousingny.org\/wp-content\/uploads\/2016\/04\/section-8-1.jpg&#8221; button_one_letter_spacing_hover=&#8221;0&#8243; button_two_letter_spacing_hover=&#8221;0&#8243; saved_tabs=&#8221;all&#8221; button_one_text_size__hover_enabled=&#8221;off&#8221; button_two_text_size__hover_enabled=&#8221;off&#8221; button_one_text_color__hover_enabled=&#8221;off&#8221; button_two_text_color__hover_enabled=&#8221;off&#8221; button_one_border_width__hover_enabled=&#8221;off&#8221; button_two_border_width__hover_enabled=&#8221;off&#8221; button_one_border_color__hover_enabled=&#8221;off&#8221; button_two_border_color__hover_enabled=&#8221;off&#8221; button_one_border_radius__hover_enabled=&#8221;off&#8221; button_two_border_radius__hover_enabled=&#8221;off&#8221; button_one_letter_spacing__hover_enabled=&#8221;on&#8221; button_one_letter_spacing__hover=&#8221;0&#8243; button_two_letter_spacing__hover_enabled=&#8221;on&#8221; button_two_letter_spacing__hover=&#8221;0&#8243; button_one_bg_color__hover_enabled=&#8221;off&#8221; button_two_bg_color__hover_enabled=&#8221;off&#8221;] [\/et_pb_fullwidth_header][\/et_pb_section][et_pb_section fb_built=&#8221;1&#8243; admin_label=&#8221;section&#8221; _builder_version=&#8221;3.0.47&#8243;][et_pb_row admin_label=&#8221;row&#8221; _builder_version=&#8221;3.0.48&#8243; background_size=&#8221;initial&#8221; background_position=&#8221;top_left&#8221; background_repeat=&#8221;repeat&#8221;][et_pb_column type=&#8221;1_2&#8243; _builder_version=&#8221;3.0.47&#8243; parallax=&#8221;off&#8221; parallax_method=&#8221;on&#8221;][et_pb_text admin_label=&#8221;Text&#8221; _builder_version=&#8221;3.0.87&#8243; background_size=&#8221;initial&#8221; background_position=&#8221;top_left&#8221; background_repeat=&#8221;repeat&#8221; use_border_color=&#8221;off&#8221; border_color=&#8221;#ffffff&#8221; border_style=&#8221;solid&#8221;]<strong>\u00bfQu\u00e9 son los vales de elecci\u00f3n de vivienda?<\/strong><\/p>\n<p>El programa de vales de elecci\u00f3n vivienda es importante programa del gobierno federal para ayudar a familias de muy bajos ingresos, ancianos y discapacitados para pagar una vivienda decente, segura y sanitaria en el mercado privado. Desde asistencia para la vivienda individual o en nombre de la familia, los participantes son capaces de encontrar su propia vivienda, incluyendo apartamentos, chalets y viviendas unifamiliares. El participante es libre de elegir cualquier vivienda que cumpla con los requisitos del programa y no se limita a unidades ubicadas en proyectos de vivienda subsidiados.<\/p>\n<p>Vales de elecci\u00f3n de vivienda de la localidad de Freeport son administrados por la autoridad vivienda de Freeport (FHA), a trav\u00e9s de fondos federales del Departamento de vivienda y desarrollo urbano de los Estados Unidos (HUD) para administrar el programa.<\/p>\n<p>Una familia que se emite un vale de vivienda es responsable de encontrar la vivienda adecuada de la opci\u00f3n de la familia donde el propietario se compromete a alquilar bajo el programa. Esta unidad puede incluir la residencia actual de la familia. Unidades de alquiler deben cumplir con normas m\u00ednimas de seguridad y salud, seg\u00fan lo determinado por la autoridad de vivienda de Freeport.<\/p>\n<p>Un subsidio de vivienda se paga al propietario directamente por la FHA en nombre de la familia participan. La familia entonces paga la diferencia entre el alquiler real cobrado por el propietario y el importe subvencionado por el programa.<br \/>\n[\/et_pb_text][\/et_pb_column][et_pb_column type=&#8221;1_2&#8243; _builder_version=&#8221;3.0.47&#8243; parallax=&#8221;off&#8221; parallax_method=&#8221;on&#8221;][et_pb_text admin_label=&#8221;Text&#8221; _builder_version=&#8221;3.0.87&#8243; background_size=&#8221;initial&#8221; background_position=&#8221;top_left&#8221; background_repeat=&#8221;repeat&#8221; use_border_color=&#8221;off&#8221; border_color=&#8221;#ffffff&#8221; border_style=&#8221;solid&#8221;]<\/p>\n<p><strong>\u00bfSoy elegible?<\/strong><\/p>\n<p>Elegibilidad para un vale de vivienda est\u00e1 determinado por la FHA basada en el ingreso bruto anual total y el tama\u00f1o de la familia y se limita a los ciudadanos estadounidenses y categor\u00edas especificadas de los no ciudadanos que han estado inmigratorio elegible. Los niveles de ingreso mediano son publicados por HUD y var\u00edan seg\u00fan la ubicaci\u00f3n. Durante el proceso de aplicaci\u00f3n, la FHA recopilar\u00e1 informaci\u00f3n sobre ingresos familiares, activos y composici\u00f3n de la familia. La FHA verificar\u00e1 esta informaci\u00f3n con otras agencias locales, su empleador y el Banco y la informaci\u00f3n ser\u00e1 utilizada para determinar la elegibilidad para el programa y el importe de la ayuda de vivienda pago<\/p>\n<p>Si la FHA determina que su familia es elegible, ponemos su nombre en una lista de espera. Al llega a su nombre en la lista de espera, usted ser\u00e1 contactado para la verificaci\u00f3n final y para otorgarle a usted un bono de vivienda.<\/p>\n<p><span style=\"text-decoration: underline;\"><strong><em>Contacto:<\/em><\/strong><\/span><\/p>\n<p>Sylvia Alfonso, Coordinador del HCVP<br \/>\n516-623-2508 x102<br \/>\n<a href=\"mailto:Section8@freeporthousingny.org\">salfonso@fhany.org<\/a><\/p>\n<p><strong><em>LA LISTA DE ESPERAR DE SECCION 8 ESTA CERRADA. APLICACIONES NO ESTAN ACCEPTAR A ESTO TIEMPO.<\/em><\/strong><\/p>\n<p>[\/et_pb_text][\/et_pb_column][\/et_pb_row][\/et_pb_section]<\/p>\n","protected":false},"excerpt":{"rendered":"<p>[et_pb_section fb_built=&#8221;1&#8243; fullwidth=&#8221;on&#8221; admin_label=&#8221;Section&#8221; _builder_version=&#8221;3.0.47&#8243;][et_pb_fullwidth_header title=&#8221;PROGRAMA DE ELECCI\u00d3N VALES DEVIVIENDA SECCI\u00d3N 8&#8243; text_orientation=&#8221;center&#8221; background_overlay_color=&#8221;rgba(12,113,195,0.46)&#8221; title_font_color=&#8221;#ffffff&#8221; admin_label=&#8221;Fullwidth Header&#8221; _builder_version=&#8221;3.16&#8243; title_font=&#8221;Source Sans Pro|on||on|&#8221; title_text_color=&#8221;#ffffff&#8221; title_font_size=&#8221;44px&#8221; subhead_font_size=&#8221;44px&#8221; background_color=&#8221;rgba(255, 255, 255, 0)&#8221; background_image=&#8221;http:\/\/www.freeporthousingny.org\/wp-content\/uploads\/2016\/04\/section-8-1.jpg&#8221; parallax=&#8221;on&#8221; background_layout=&#8221;light&#8221; custom_css_title=&#8221;text-shadow: 2px 2px #000000;&#8221; background_url=&#8221;http:\/\/www.freeporthousingny.org\/wp-content\/uploads\/2016\/04\/section-8-1.jpg&#8221; button_one_letter_spacing_hover=&#8221;0&#8243; button_two_letter_spacing_hover=&#8221;0&#8243; saved_tabs=&#8221;all&#8221; button_one_text_size__hover_enabled=&#8221;off&#8221; button_two_text_size__hover_enabled=&#8221;off&#8221; button_one_text_color__hover_enabled=&#8221;off&#8221; button_two_text_color__hover_enabled=&#8221;off&#8221; button_one_border_width__hover_enabled=&#8221;off&#8221; button_two_border_width__hover_enabled=&#8221;off&#8221; button_one_border_color__hover_enabled=&#8221;off&#8221; button_two_border_color__hover_enabled=&#8221;off&#8221; button_one_border_radius__hover_enabled=&#8221;off&#8221; button_two_border_radius__hover_enabled=&#8221;off&#8221; button_one_letter_spacing__hover_enabled=&#8221;on&#8221; button_one_letter_spacing__hover=&#8221;0&#8243; button_two_letter_spacing__hover_enabled=&#8221;on&#8221; button_two_letter_spacing__hover=&#8221;0&#8243; button_one_bg_color__hover_enabled=&#8221;off&#8221; button_two_bg_color__hover_enabled=&#8221;off&#8221;] [&hellip;]<\/p>\n","protected":false},"author":1,"featured_media":0,"parent":0,"menu_order":0,"comment_status":"closed","ping_status":"closed","template":"","meta":{"_et_pb_use_builder":"on","_et_pb_old_content":"","_et_gb_content_width":"","footnotes":""},"class_list":["post-609","page","type-page","status-publish","hentry"],"_links":{"self":[{"href":"http:\/\/www.freeporthousingny.org\/home\/wp-json\/wp\/v2\/pages\/609","targetHints":{"allow":["GET"]}}],"collection":[{"href":"http:\/\/www.freeporthousingny.org\/home\/wp-json\/wp\/v2\/pages"}],"about":[{"href":"http:\/\/www.freeporthousingny.org\/home\/wp-json\/wp\/v2\/types\/page"}],"author":[{"embeddable":true,"href":"http:\/\/www.freeporthousingny.org\/home\/wp-json\/wp\/v2\/users\/1"}],"replies":[{"embeddable":true,"href":"http:\/\/www.freeporthousingny.org\/home\/wp-json\/wp\/v2\/comments?post=609"}],"version-history":[{"count":9,"href":"http:\/\/www.freeporthousingny.org\/home\/wp-json\/wp\/v2\/pages\/609\/revisions"}],"predecessor-version":[{"id":1562,"href":"http:\/\/www.freeporthousingny.org\/home\/wp-json\/wp\/v2\/pages\/609\/revisions\/1562"}],"wp:attachment":[{"href":"http:\/\/www.freeporthousingny.org\/home\/wp-json\/wp\/v2\/media?parent=609"}],"curies":[{"name":"wp","href":"https:\/\/api.w.org\/{rel}","templated":true}]}}