{"id":618,"date":"2016-04-17T03:49:19","date_gmt":"2016-04-17T03:49:19","guid":{"rendered":"http:\/\/www.freeporthousingny.org\/?page_id=618"},"modified":"2020-03-18T18:26:28","modified_gmt":"2020-03-18T18:26:28","slug":"nuevamoxeyrigby","status":"publish","type":"page","link":"http:\/\/www.freeporthousingny.org\/home\/nuevamoxeyrigby\/","title":{"rendered":"Nueva Moxey Rigby"},"content":{"rendered":"<p>[et_pb_section fb_built=&#8221;1&#8243; fullwidth=&#8221;on&#8221; admin_label=&#8221;Section&#8221; _builder_version=&#8221;3.0.47&#8243;][et_pb_fullwidth_header title=&#8221;NUEVA MOXEY RIGBYAPARTAMENTO COMUNIDAD&#8221; text_orientation=&#8221;center&#8221; background_overlay_color=&#8221;rgba(12,113,195,0.46)&#8221; title_font_color=&#8221;#ffffff&#8221; admin_label=&#8221;Fullwidth Header&#8221; _builder_version=&#8221;3.16&#8243; title_font=&#8221;Source Sans Pro|on||on|&#8221; title_text_color=&#8221;#ffffff&#8221; title_font_size=&#8221;44px&#8221; subhead_font_size=&#8221;44px&#8221; background_color=&#8221;rgba(255, 255, 255, 0)&#8221; background_image=&#8221;http:\/\/www.freeporthousingny.org\/wp-content\/uploads\/2016\/04\/new-mox-rig-3.jpg&#8221; parallax=&#8221;on&#8221; background_layout=&#8221;light&#8221; custom_css_title=&#8221;text-shadow: 2px 2px #000000;&#8221; background_url=&#8221;http:\/\/www.freeporthousingny.org\/wp-content\/uploads\/2016\/04\/new-mox-rig-3.jpg&#8221; button_one_letter_spacing_hover=&#8221;0&#8243; button_two_letter_spacing_hover=&#8221;0&#8243; saved_tabs=&#8221;all&#8221; button_one_text_size__hover_enabled=&#8221;off&#8221; button_two_text_size__hover_enabled=&#8221;off&#8221; button_one_text_color__hover_enabled=&#8221;off&#8221; button_two_text_color__hover_enabled=&#8221;off&#8221; button_one_border_width__hover_enabled=&#8221;off&#8221; button_two_border_width__hover_enabled=&#8221;off&#8221; button_one_border_color__hover_enabled=&#8221;off&#8221; button_two_border_color__hover_enabled=&#8221;off&#8221; button_one_border_radius__hover_enabled=&#8221;off&#8221; button_two_border_radius__hover_enabled=&#8221;off&#8221; button_one_letter_spacing__hover_enabled=&#8221;on&#8221; button_one_letter_spacing__hover=&#8221;0&#8243; button_two_letter_spacing__hover_enabled=&#8221;on&#8221; button_two_letter_spacing__hover=&#8221;0&#8243; button_one_bg_color__hover_enabled=&#8221;off&#8221; button_two_bg_color__hover_enabled=&#8221;off&#8221;] [\/et_pb_fullwidth_header][\/et_pb_section][et_pb_section fb_built=&#8221;1&#8243; admin_label=&#8221;section&#8221; _builder_version=&#8221;3.0.47&#8243;][et_pb_row admin_label=&#8221;row&#8221; _builder_version=&#8221;3.0.48&#8243; background_size=&#8221;initial&#8221; background_position=&#8221;top_left&#8221; background_repeat=&#8221;repeat&#8221;][et_pb_column type=&#8221;4_4&#8243; _builder_version=&#8221;3.0.47&#8243; parallax=&#8221;off&#8221; parallax_method=&#8221;on&#8221;][et_pb_text admin_label=&#8221;Text&#8221; _builder_version=&#8221;3.0.87&#8243; background_size=&#8221;initial&#8221; background_position=&#8221;top_left&#8221; background_repeat=&#8221;repeat&#8221; use_border_color=&#8221;off&#8221; border_color=&#8221;#ffffff&#8221; border_style=&#8221;solid&#8221;]<\/p>\n<h1 style=\"text-align: center;\"><strong>INFORMACION IMPORTANTE:<em><\/em><\/strong><\/h1>\n<h1 style=\"text-align: center;\"><strong>La Autoridad de Vivienda de Freeport ya no administra el nuevo complejo de apartamentos Moxey Rigby o sus residentes. Si est\u00e1 interesado en oportunidades de vivienda u obtener una solicitud de vivienda, comun\u00edquese con la Corporaci\u00f3n de Desarrollo Comunitario de Long Island (CDCLI) al (631) 471-1215<\/strong><\/h1>\n<p><strong><em><\/em><\/strong><\/p>\n<p><strong><em>ACTUALIZACI\u00d3N: El 21 de octubre de 2016, oficina de la recuperaci\u00f3n del gobernador de la tormenta public\u00f3 un encontrar de No significativo impacto (FONSI) con respecto a la nueva Moxey Rigby apartamento propiedad comunal. Todo el aviso p\u00fablico puede verse haciendo clic en el enlace:\u00a0<a href=\"http:\/\/www.freeporthousingny.org\/nuevamoxeyrigby\/attachment\/moxey-rigby-draft-fonsi-102116-2\/\" rel=\"attachment wp-att-819\">Encontrar de No Significativo Impacto (FONSI) <\/a><\/em><\/strong><\/p>\n<p>&nbsp;<\/p>\n<p>Cuando supertormenta Sandy golpe\u00f3 Freeport en octubre del 2012, el Moxey\u00a0A.\u00a0Rigby Apartment Complex sufri\u00f3 da\u00f1os considerables, casi a punto de no retorno.\u00a0Substancial de las inundaciones\u00a0en los s\u00f3tanos\u00a0afectados el\u00a0mec\u00e1nico \/sistemas el\u00e9ctricos y de calefacci\u00f3n.\u00a0Sin calor, el\u00e9ctrica o generadores, muchos inquilinos fueron desplazados para cerca de un mes.<\/p>\n<p>Con la ayuda de la oficina de la recuperaci\u00f3n de la tormenta del gobernador, FEMA, estado de Nueva York Inicio y renovaci\u00f3n de la comunidad, Condado de Nassau y la aldea de Freeport, una nueva marca Moxey\u00a0A.\u00a0Rigby est\u00e1 en camino.<\/p>\n<p>La nueva propiedad se ubicar\u00e1 en la calle de los apartamentos existentes.\u00a0El nuevo desarrollo\u00a0contar\u00e1 con:\u00a0101 unidades, cada uno 25% m\u00e1s grandes que las actuales unidades de m\u00e1s de 100 plazas de aparcamiento residentes; todo elevados por encima de los niveles de inundaci\u00f3n elevadores m\u00faltiples; lavander\u00eda en cada piso; dos habitaciones de la comunidad; una recreaci\u00f3n\u00a0Centro;\u00a0alta eficiente refrigerador, estufa y lavavajillas en cada unidad; regulable alta eficiencia de calefacci\u00f3n y refrigeraci\u00f3n en cada apartamento;\u00a0parques infantiles;\u00a0y apartamentos ADA-obediente.\u00a0La\u00a0&#8220;Nueva Moxey A. Rigby Apartamento Comunidad&#8221; va a ser\u00a0un completo inundaci\u00f3n y tormenta resistente\u00a0estructura.<\/p>\n<p>Residentes jefes de hogar se recibe un vale de asistencia de reubicaci\u00f3n de secci\u00f3n 8 para pasar a la &#8220;Nueva Moxey A. Rigby Apartamento Comunidad.&#8221; En Secci\u00f3n 8,\u00a0los residentes continuar\u00e1n pagando no m\u00e1s de 30% de su ajustado\u00a0bruto\u00a0ingresos.\u00a0En definitiva, alquileres de los inquilinos todos sigue siendo el mismo, sin aumento.<\/p>\n<p>Para los clientes que prefieren no moverse en la &#8220;Nueva apartamento Moxey A. Rigby\u00a0Comunidad de,&#8221;vales de secci\u00f3n 8 se proporcionar\u00e1.\u00a0Todos los vales de secci\u00f3n 8 que se proporcionan son 100% portables a otras partes del pa\u00eds y de otras propiedades.<\/p>\n<p>Esperamos construir una &#8220;Nueva Moxey\u00a0A.\u00a0Rigby\u00a0Apartamento\u00a0Comunidad &#8221;\u00a0y\u00a0a\u00a0ofrecer todos nuestros arrendatarios una &#8220;estado del arte&#8221; moderno apartamento comunidad para todos estar orgullosos para a\u00f1os venideros.<\/p>\n<p>[\/et_pb_text][\/et_pb_column][\/et_pb_row][\/et_pb_section]<\/p>\n","protected":false},"excerpt":{"rendered":"<p>[et_pb_section fb_built=&#8221;1&#8243; fullwidth=&#8221;on&#8221; admin_label=&#8221;Section&#8221; _builder_version=&#8221;3.0.47&#8243;][et_pb_fullwidth_header title=&#8221;NUEVA MOXEY RIGBYAPARTAMENTO COMUNIDAD&#8221; text_orientation=&#8221;center&#8221; background_overlay_color=&#8221;rgba(12,113,195,0.46)&#8221; title_font_color=&#8221;#ffffff&#8221; admin_label=&#8221;Fullwidth Header&#8221; _builder_version=&#8221;3.16&#8243; title_font=&#8221;Source Sans Pro|on||on|&#8221; title_text_color=&#8221;#ffffff&#8221; title_font_size=&#8221;44px&#8221; subhead_font_size=&#8221;44px&#8221; background_color=&#8221;rgba(255, 255, 255, 0)&#8221; background_image=&#8221;http:\/\/www.freeporthousingny.org\/wp-content\/uploads\/2016\/04\/new-mox-rig-3.jpg&#8221; parallax=&#8221;on&#8221; background_layout=&#8221;light&#8221; custom_css_title=&#8221;text-shadow: 2px 2px #000000;&#8221; background_url=&#8221;http:\/\/www.freeporthousingny.org\/wp-content\/uploads\/2016\/04\/new-mox-rig-3.jpg&#8221; button_one_letter_spacing_hover=&#8221;0&#8243; button_two_letter_spacing_hover=&#8221;0&#8243; saved_tabs=&#8221;all&#8221; button_one_text_size__hover_enabled=&#8221;off&#8221; button_two_text_size__hover_enabled=&#8221;off&#8221; button_one_text_color__hover_enabled=&#8221;off&#8221; button_two_text_color__hover_enabled=&#8221;off&#8221; button_one_border_width__hover_enabled=&#8221;off&#8221; button_two_border_width__hover_enabled=&#8221;off&#8221; button_one_border_color__hover_enabled=&#8221;off&#8221; button_two_border_color__hover_enabled=&#8221;off&#8221; button_one_border_radius__hover_enabled=&#8221;off&#8221; button_two_border_radius__hover_enabled=&#8221;off&#8221; button_one_letter_spacing__hover_enabled=&#8221;on&#8221; button_one_letter_spacing__hover=&#8221;0&#8243; button_two_letter_spacing__hover_enabled=&#8221;on&#8221; button_two_letter_spacing__hover=&#8221;0&#8243; button_one_bg_color__hover_enabled=&#8221;off&#8221; button_two_bg_color__hover_enabled=&#8221;off&#8221;] [\/et_pb_fullwidth_header][\/et_pb_section][et_pb_section fb_built=&#8221;1&#8243; admin_label=&#8221;section&#8221; [&hellip;]<\/p>\n","protected":false},"author":1,"featured_media":0,"parent":0,"menu_order":0,"comment_status":"closed","ping_status":"closed","template":"","meta":{"_et_pb_use_builder":"on","_et_pb_old_content":"","_et_gb_content_width":"","footnotes":""},"class_list":["post-618","page","type-page","status-publish","hentry"],"_links":{"self":[{"href":"http:\/\/www.freeporthousingny.org\/home\/wp-json\/wp\/v2\/pages\/618","targetHints":{"allow":["GET"]}}],"collection":[{"href":"http:\/\/www.freeporthousingny.org\/home\/wp-json\/wp\/v2\/pages"}],"about":[{"href":"http:\/\/www.freeporthousingny.org\/home\/wp-json\/wp\/v2\/types\/page"}],"author":[{"embeddable":true,"href":"http:\/\/www.freeporthousingny.org\/home\/wp-json\/wp\/v2\/users\/1"}],"replies":[{"embeddable":true,"href":"http:\/\/www.freeporthousingny.org\/home\/wp-json\/wp\/v2\/comments?post=618"}],"version-history":[{"count":6,"href":"http:\/\/www.freeporthousingny.org\/home\/wp-json\/wp\/v2\/pages\/618\/revisions"}],"predecessor-version":[{"id":1190,"href":"http:\/\/www.freeporthousingny.org\/home\/wp-json\/wp\/v2\/pages\/618\/revisions\/1190"}],"wp:attachment":[{"href":"http:\/\/www.freeporthousingny.org\/home\/wp-json\/wp\/v2\/media?parent=618"}],"curies":[{"name":"wp","href":"https:\/\/api.w.org\/{rel}","templated":true}]}}